{"id":1411,"date":"2024-03-25T16:57:41","date_gmt":"2024-03-25T14:57:41","guid":{"rendered":"https:\/\/bestofbourgogne.com\/?page_id=1411"},"modified":"2024-03-25T17:07:24","modified_gmt":"2024-03-25T15:07:24","slug":"elementor-1411","status":"publish","type":"page","link":"https:\/\/bestofbourgogne.com\/fr\/elementor-1411\/","title":{"rendered":"Location"},"content":{"rendered":"<h1>Best of Bourgogne<\/h1>\n<h2>Property Management and Rental Services in Burgundy<\/h2>\n<h3>Gestion de location de vacances<\/h3>\n<p>\t\t\t\t\t\t\t\t\t\t\t\t\t<img data-opt-id=2140845484  fetchpriority=\"high\" decoding=\"async\" width=\"930\" height=\"620\" src=\"https:\/\/mld4xvu4xgpn.i.optimole.com\/w:930\/h:620\/q:mauto\/rt:fill\/g:ce\/f:best\/https:\/\/bestofbourgogne.com\/wp-content\/uploads\/2021\/05\/DSC_0182.jpg\" alt=\"\" srcset=\"https:\/\/mld4xvu4xgpn.i.optimole.com\/w:930\/h:620\/q:mauto\/rt:fill\/g:ce\/f:best\/https:\/\/bestofbourgogne.com\/wp-content\/uploads\/2021\/05\/DSC_0182.jpg 930w, https:\/\/mld4xvu4xgpn.i.optimole.com\/w:300\/h:200\/q:mauto\/f:best\/https:\/\/bestofbourgogne.com\/wp-content\/uploads\/2021\/05\/DSC_0182.jpg 300w, https:\/\/mld4xvu4xgpn.i.optimole.com\/w:1024\/h:683\/q:mauto\/f:best\/https:\/\/bestofbourgogne.com\/wp-content\/uploads\/2021\/05\/DSC_0182.jpg 1024w, https:\/\/mld4xvu4xgpn.i.optimole.com\/w:768\/h:512\/q:mauto\/f:best\/https:\/\/bestofbourgogne.com\/wp-content\/uploads\/2021\/05\/DSC_0182.jpg 768w, https:\/\/mld4xvu4xgpn.i.optimole.com\/w:1536\/h:1024\/q:mauto\/f:best\/https:\/\/bestofbourgogne.com\/wp-content\/uploads\/2021\/05\/DSC_0182.jpg 1536w, https:\/\/mld4xvu4xgpn.i.optimole.com\/w:1620\/h:1080\/q:mauto\/f:best\/https:\/\/bestofbourgogne.com\/wp-content\/uploads\/2021\/05\/DSC_0182.jpg 2048w\" sizes=\"(max-width: 930px) 100vw, 930px\" \/>\t\t\t\t\t\t\t\t\t\t\t\t\t<\/p>\n<p dir=\"ltr\">Chez Best of Bourgogne, nous prenons en charge chaque aspect de la location de votre propri\u00e9t\u00e9 pour vous assurer qu&#8217;elle corresponde \u00e0 l&#8217;investissement que vous envisagez.<\/p>\n<p dir=\"ltr\">Pour pr\u00e9parer votre bien \u00e0 sa premi\u00e8re mise en ligne, nous r\u00e9aliserons des photographies soign\u00e9es et r\u00e9digerons une description qui mettra en valeur votre propri\u00e9t\u00e9 de la meilleure mani\u00e8re possible. Nous \u00e9tablirons ensuite une annonce d\u00e9taill\u00e9e et activerons votre bien sur les plateformes <a href=\"http:\/\/vrbo.com\">VRBO<\/a>, <a href=\"http:\/\/booking.com\">Booking.com<\/a> et <a href=\"http:\/\/www.airbnb.com\">AirBNB<\/a>.<\/p>\n<p dir=\"ltr\">Une fois l&#8217;annonce en ligne, nous nous occuperons de tous les aspects li\u00e9s aux r\u00e9servations tout au long de l&#8217;ann\u00e9e, en g\u00e9rant toutes les demandes et en tenant les calendriers \u00e0 jour sur tous les sites, ainsi qu&#8217;en traitant tous les paiements, tant de la part des h\u00f4tes que vers les clients.<\/p>\n<p dir=\"ltr\">Frais de gestion immobili\u00e8re : 450\u20ac par an + 10% par r\u00e9servation<\/p>\n<p>\u00a0<\/p>\n<h3>House Guide Preparation<\/h3>\n<p>\t\t\t\t\t\t\t\t\t\t\t\t\t<img data-opt-id=2068057435  fetchpriority=\"high\" decoding=\"async\" width=\"930\" height=\"620\" src=\"https:\/\/mld4xvu4xgpn.i.optimole.com\/w:930\/h:620\/q:mauto\/rt:fill\/g:ce\/f:best\/https:\/\/bestofbourgogne.com\/wp-content\/uploads\/2021\/05\/IMG_20190420_151129-1.jpg\" alt=\"\" \/>\t\t\t\t\t\t\t\t\t\t\t\t\t<\/p>\n<p>To make your guests\u2019 stay as comfortable as possible, we will prepare a comprehensive house guide \u00a0outlining the different features of your property. This will include everything from how to use the washing machine, to recommendations on where to visit in the local area.<\/p>\n<h3>Property Preparation and Changeovers<\/h3>\n<p>\t\t\t\t\t\t\t\t\t\t\t\t\t<img data-opt-id=518334074  fetchpriority=\"high\" decoding=\"async\" width=\"930\" height=\"620\" src=\"https:\/\/mld4xvu4xgpn.i.optimole.com\/w:930\/h:620\/q:mauto\/rt:fill\/g:ce\/f:best\/https:\/\/bestofbourgogne.com\/wp-content\/uploads\/2021\/05\/DSC_0274.jpg\" alt=\"\" srcset=\"https:\/\/mld4xvu4xgpn.i.optimole.com\/w:930\/h:620\/q:mauto\/rt:fill\/g:ce\/f:best\/https:\/\/bestofbourgogne.com\/wp-content\/uploads\/2021\/05\/DSC_0274.jpg 930w, https:\/\/mld4xvu4xgpn.i.optimole.com\/w:300\/h:200\/q:mauto\/f:best\/https:\/\/bestofbourgogne.com\/wp-content\/uploads\/2021\/05\/DSC_0274.jpg 300w, https:\/\/mld4xvu4xgpn.i.optimole.com\/w:1024\/h:683\/q:mauto\/f:best\/https:\/\/bestofbourgogne.com\/wp-content\/uploads\/2021\/05\/DSC_0274.jpg 1024w, https:\/\/mld4xvu4xgpn.i.optimole.com\/w:768\/h:512\/q:mauto\/f:best\/https:\/\/bestofbourgogne.com\/wp-content\/uploads\/2021\/05\/DSC_0274.jpg 768w, https:\/\/mld4xvu4xgpn.i.optimole.com\/w:1536\/h:1024\/q:mauto\/f:best\/https:\/\/bestofbourgogne.com\/wp-content\/uploads\/2021\/05\/DSC_0274.jpg 1536w, https:\/\/mld4xvu4xgpn.i.optimole.com\/w:1620\/h:1080\/q:mauto\/f:best\/https:\/\/bestofbourgogne.com\/wp-content\/uploads\/2021\/05\/DSC_0274.jpg 2048w\" sizes=\"(max-width: 930px) 100vw, 930px\" \/>\t\t\t\t\t\t\t\t\t\t\t\t\t<\/p>\n<p>Prior to your first guests\u2019 arrival and between every stay, we will take care of everything to ensure your property is in perfect condition.<\/p>\n<p>Once the guests leave, we will clean the property, make the beds for the next guests and take away the linen and towels to be professionally washed and ironed.<\/p>\n<p>Preparation Fee: \u20ac25 per hour + linen<\/p>\n<h3>How can we help?<\/h3>\n<p>Let us know how we can help you with your holiday letting property.<\/p>\n<div class=\"wpforms-container wpforms-container-full\" id=\"wpforms-375\"><form id=\"wpforms-form-375\" class=\"wpforms-validate wpforms-form\" data-formid=\"375\" method=\"post\" enctype=\"multipart\/form-data\" action=\"\/fr\/wp-json\/wp\/v2\/pages\/1411\" data-token=\"ab5b6ff2def949d67575d3f48289cf85\" data-token-time=\"1777649952\"><noscript class=\"wpforms-error-noscript\">Veuillez activer JavaScript dans votre navigateur pour remplir ce formulaire.<\/noscript><div class=\"wpforms-field-container\"><div id=\"wpforms-375-field_0-container\" class=\"wpforms-field wpforms-field-name\" data-field-id=\"0\"><label class=\"wpforms-field-label\">Name <span class=\"wpforms-required-label\">*<\/span><\/label><div class=\"wpforms-field-row wpforms-field-medium\"><div class=\"wpforms-field-row-block wpforms-first wpforms-one-half\"><input type=\"text\" id=\"wpforms-375-field_0\" class=\"wpforms-field-name-first wpforms-field-required\" name=\"wpforms[fields][0][first]\" required><label for=\"wpforms-375-field_0\" class=\"wpforms-field-sublabel after\">Pr\u00e9nom<\/label><\/div><div class=\"wpforms-field-row-block wpforms-one-half\"><input type=\"text\" id=\"wpforms-375-field_0-last\" class=\"wpforms-field-name-last wpforms-field-required\" name=\"wpforms[fields][0][last]\" required><label for=\"wpforms-375-field_0-last\" class=\"wpforms-field-sublabel after\">Nom<\/label><\/div><\/div><\/div><div id=\"wpforms-375-field_1-container\" class=\"wpforms-field wpforms-field-email\" data-field-id=\"1\"><label class=\"wpforms-field-label\" for=\"wpforms-375-field_1\">Email <span class=\"wpforms-required-label\">*<\/span><\/label><input type=\"email\" id=\"wpforms-375-field_1\" class=\"wpforms-field-medium wpforms-field-required\" name=\"wpforms[fields][1]\" spellcheck=\"false\" required><\/div><div id=\"wpforms-375-field_2-container\" class=\"wpforms-field wpforms-field-textarea\" data-field-id=\"2\"><label class=\"wpforms-field-label\" for=\"wpforms-375-field_2\">Comment or Message <span class=\"wpforms-required-label\">*<\/span><\/label><textarea id=\"wpforms-375-field_2\" class=\"wpforms-field-medium wpforms-field-required\" name=\"wpforms[fields][2]\" required><\/textarea><\/div><\/div><!-- .wpforms-field-container --><div class=\"wpforms-recaptcha-container wpforms-is-recaptcha wpforms-is-recaptcha-type-v2\" ><div class=\"g-recaptcha\" data-sitekey=\"6LexsfAaAAAAAFE1r_m_AwrAedfMAZ0nWR67cIMm\"><\/div><input type=\"text\" name=\"g-recaptcha-hidden\" class=\"wpforms-recaptcha-hidden\" style=\"position:absolute!important;clip:rect(0,0,0,0)!important;height:1px!important;width:1px!important;border:0!important;overflow:hidden!important;padding:0!important;margin:0!important;\" data-rule-recaptcha=\"1\"><\/div><div class=\"wpforms-submit-container\" ><input type=\"hidden\" name=\"wpforms[id]\" value=\"375\"><input type=\"hidden\" name=\"page_title\" value=\"\"><input type=\"hidden\" name=\"page_url\" value=\"https:\/\/bestofbourgogne.com\/fr\/wp-json\/wp\/v2\/pages\/1411\"><input type=\"hidden\" name=\"url_referer\" value=\"\"><button type=\"submit\" name=\"wpforms[submit]\" id=\"wpforms-submit-375\" class=\"wpforms-submit\" data-alt-text=\"Sending\u2026\" data-submit-text=\"Submit\" aria-live=\"assertive\" value=\"wpforms-submit\">Submit<\/button><\/div><\/form><\/div>  <!-- .wpforms-container -->\n<h4>Customer reviews<\/h4>\n<p>\t\t\t\t\t\t\t&#8220;I whole-heartedly recommend Best of Bourgogne to anyone with a property in Burgundy who needs any sort of help looking after the house and grounds or who might want to make any alterations or improvements or general maintenance. Andy and Marcelline are incredibly professional, reliable and helpful.&#8221;<br \/>\n\t\t\t\t\t\t\t<img data-opt-id=1043505589  data-opt-src=\"https:\/\/mld4xvu4xgpn.i.optimole.com\/w:auto\/h:auto\/q:mauto\/f:best\/https:\/\/bestofbourgogne.com\/wp-content\/uploads\/2021\/05\/Chris-Vigar.png\"  loading=\"lazy\" decoding=\"async\" width=\"728\" height=\"729\" src=\"https:\/\/mld4xvu4xgpn.i.optimole.com\/w:auto\/h:auto\/q:eco\/f:best\/https:\/\/bestofbourgogne.com\/wp-content\/uploads\/2021\/05\/Chris-Vigar.png\" alt=\"\" \/><noscript><img data-opt-id=1043505589  loading=\"lazy\" decoding=\"async\" width=\"728\" height=\"729\" src=\"https:\/\/mld4xvu4xgpn.i.optimole.com\/w:auto\/h:auto\/q:mauto\/f:best\/https:\/\/bestofbourgogne.com\/wp-content\/uploads\/2021\/05\/Chris-Vigar.png\" alt=\"\" \/></noscript><br \/>\n\t\t\t\t\t\t\t\t\t\t\t\t\t\tChris Vigar<br \/>\n\t\t\t\t\t\t\t\t\t\t\t\t\t\t\t\t\t\t\t\t\t\tWells, Somerset<br \/>\n\t\t\t\t\t\t\t&#8220;A fortuitous meeting in our local market led us to Andrew and Marcelline of Best of Bourgogne. They helped us set up all our services, source builders and gardeners (including Andrew!) and carry out monthly house checks and deal with post when we are not there \u2013 a godsend over the last year.<br \/>\nI could not recommend them highly enough and feel lucky to be able to count them as friends as well. They are a great source of local knowledge and good restaurants and wineries to visit and made market days even more enjoyable over a glass or two at the local caf\u00e9. &#8221;<br \/>\n\t\t\t\t\t\t\t<img data-opt-id=53961015  data-opt-src=\"https:\/\/mld4xvu4xgpn.i.optimole.com\/w:auto\/h:auto\/q:mauto\/f:best\/https:\/\/bestofbourgogne.com\/wp-content\/uploads\/2021\/05\/Libby-scaled.jpg\"  loading=\"lazy\" decoding=\"async\" width=\"1829\" height=\"2560\" src=\"https:\/\/mld4xvu4xgpn.i.optimole.com\/w:auto\/h:auto\/q:eco\/f:best\/https:\/\/bestofbourgogne.com\/wp-content\/uploads\/2021\/05\/Libby-scaled.jpg\" alt=\"\" \/><noscript><img data-opt-id=53961015  loading=\"lazy\" decoding=\"async\" width=\"1829\" height=\"2560\" src=\"https:\/\/mld4xvu4xgpn.i.optimole.com\/w:auto\/h:auto\/q:mauto\/f:best\/https:\/\/bestofbourgogne.com\/wp-content\/uploads\/2021\/05\/Libby-scaled.jpg\" alt=\"\" \/></noscript><br \/>\n\t\t\t\t\t\t\t\t\t\t\t\t\t\tLibby Turner<br \/>\n\t\t\t\t\t\t\t\t\t\t\t\t\t\t\t\t\t\t\t\t\t\tPetworth, Sussex<\/p>\n","protected":false},"excerpt":{"rendered":"<p>Best of Bourgogne Property Management and Rental Services in Burgundy Gestion de location de vacances Chez Best of Bourgogne, nous prenons en charge chaque aspect de la location de votre propri\u00e9t\u00e9 pour vous assurer qu&#8217;elle corresponde \u00e0 l&#8217;investissement que vous envisagez. Pour pr\u00e9parer votre bien \u00e0 sa premi\u00e8re mise en ligne, nous r\u00e9aliserons des photographies&hellip;&nbsp;<a href=\"https:\/\/bestofbourgogne.com\/fr\/elementor-1411\/\" rel=\"bookmark\">Lire la suite &raquo;<span class=\"screen-reader-text\">Location<\/span><\/a><\/p>","protected":false},"author":1,"featured_media":0,"parent":0,"menu_order":0,"comment_status":"closed","ping_status":"closed","template":"page-templates\/template-pagebuilder-full-width.php","meta":{"neve_meta_sidebar":"","neve_meta_container":"","neve_meta_enable_content_width":"","neve_meta_content_width":0,"neve_meta_title_alignment":"","neve_meta_author_avatar":"","neve_post_elements_order":"","neve_meta_disable_header":"","neve_meta_disable_footer":"","neve_meta_disable_title":"","footnotes":""},"folder":[],"class_list":["post-1411","page","type-page","status-publish","hentry"],"yoast_head":"<!-- This site is optimized with the Yoast SEO plugin v27.2 - https:\/\/yoast.com\/product\/yoast-seo-wordpress\/ -->\n<title>Location - Best of Bourgogne<\/title>\n<meta name=\"description\" content=\"Should you choose to rent out your property, Best of Bourgogne will take care of everything and help make sure it is the investment you intend it to be.\" \/>\n<meta name=\"robots\" content=\"index, follow, max-snippet:-1, max-image-preview:large, max-video-preview:-1\" \/>\n<link rel=\"canonical\" href=\"https:\/\/bestofbourgogne.com\/fr\/elementor-1411\/\" \/>\n<meta property=\"og:locale\" content=\"fr_FR\" \/>\n<meta property=\"og:type\" content=\"article\" \/>\n<meta property=\"og:title\" content=\"Location - Best of Bourgogne\" \/>\n<meta property=\"og:description\" content=\"Should you choose to rent out your property, Best of Bourgogne will take care of everything and help make sure it is the investment you intend it to be.\" \/>\n<meta property=\"og:url\" content=\"https:\/\/bestofbourgogne.com\/fr\/elementor-1411\/\" \/>\n<meta property=\"og:site_name\" content=\"Best of Bourgogne\" \/>\n<meta property=\"article:publisher\" content=\"https:\/\/www.facebook.com\/BestBurgundy\" \/>\n<meta property=\"article:modified_time\" content=\"2024-03-25T15:07:24+00:00\" \/>\n<meta property=\"og:image\" content=\"https:\/\/mld4xvu4xgpn.i.optimole.com\/w:930\/h:620\/q:mauto\/rt:fill\/g:ce\/f:best\/https:\/\/bestofbourgogne.com\/wp-content\/uploads\/2021\/05\/DSC_0182.jpg\" \/>\n<meta name=\"twitter:card\" content=\"summary_large_image\" \/>\n<meta name=\"twitter:label1\" content=\"Dur\u00e9e de lecture estim\u00e9e\" \/>\n\t<meta name=\"twitter:data1\" content=\"3 minutes\" \/>\n<script type=\"application\/ld+json\" class=\"yoast-schema-graph\">{\"@context\":\"https:\/\/schema.org\",\"@graph\":[{\"@type\":\"WebPage\",\"@id\":\"https:\/\/bestofbourgogne.com\/fr\/elementor-1411\/\",\"url\":\"https:\/\/bestofbourgogne.com\/fr\/elementor-1411\/\",\"name\":\"Location - Best of Bourgogne\",\"isPartOf\":{\"@id\":\"https:\/\/bestofbourgogne.com\/#website\"},\"primaryImageOfPage\":{\"@id\":\"https:\/\/bestofbourgogne.com\/fr\/elementor-1411\/#primaryimage\"},\"image\":{\"@id\":\"https:\/\/bestofbourgogne.com\/fr\/elementor-1411\/#primaryimage\"},\"thumbnailUrl\":\"https:\/\/mld4xvu4xgpn.i.optimole.com\/w:930\/h:620\/q:mauto\/rt:fill\/g:ce\/f:best\/https:\/\/bestofbourgogne.com\/wp-content\/uploads\/2021\/05\/DSC_0182.jpg\",\"datePublished\":\"2024-03-25T14:57:41+00:00\",\"dateModified\":\"2024-03-25T15:07:24+00:00\",\"description\":\"Should you choose to rent out your property, Best of Bourgogne will take care of everything and help make sure it is the investment you intend it to be.\",\"breadcrumb\":{\"@id\":\"https:\/\/bestofbourgogne.com\/fr\/elementor-1411\/#breadcrumb\"},\"inLanguage\":\"fr-FR\",\"potentialAction\":[{\"@type\":\"ReadAction\",\"target\":[\"https:\/\/bestofbourgogne.com\/fr\/elementor-1411\/\"]}]},{\"@type\":\"ImageObject\",\"inLanguage\":\"fr-FR\",\"@id\":\"https:\/\/bestofbourgogne.com\/fr\/elementor-1411\/#primaryimage\",\"url\":\"https:\/\/mld4xvu4xgpn.i.optimole.com\/w:930\/h:620\/q:mauto\/rt:fill\/g:ce\/f:best\/https:\/\/bestofbourgogne.com\/wp-content\/uploads\/2021\/05\/DSC_0182.jpg\",\"contentUrl\":\"https:\/\/mld4xvu4xgpn.i.optimole.com\/w:930\/h:620\/q:mauto\/rt:fill\/g:ce\/f:best\/https:\/\/bestofbourgogne.com\/wp-content\/uploads\/2021\/05\/DSC_0182.jpg\"},{\"@type\":\"BreadcrumbList\",\"@id\":\"https:\/\/bestofbourgogne.com\/fr\/elementor-1411\/#breadcrumb\",\"itemListElement\":[{\"@type\":\"ListItem\",\"position\":1,\"name\":\"Home\",\"item\":\"https:\/\/bestofbourgogne.com\/\"},{\"@type\":\"ListItem\",\"position\":2,\"name\":\"Location\"}]},{\"@type\":\"WebSite\",\"@id\":\"https:\/\/bestofbourgogne.com\/#website\",\"url\":\"https:\/\/bestofbourgogne.com\/\",\"name\":\"Best of Bourgogne\",\"description\":\"Property Management and Holiday Rentals in Burgundy\",\"publisher\":{\"@id\":\"https:\/\/bestofbourgogne.com\/#organization\"},\"potentialAction\":[{\"@type\":\"SearchAction\",\"target\":{\"@type\":\"EntryPoint\",\"urlTemplate\":\"https:\/\/bestofbourgogne.com\/?s={search_term_string}\"},\"query-input\":{\"@type\":\"PropertyValueSpecification\",\"valueRequired\":true,\"valueName\":\"search_term_string\"}}],\"inLanguage\":\"fr-FR\"},{\"@type\":\"Organization\",\"@id\":\"https:\/\/bestofbourgogne.com\/#organization\",\"name\":\"Best of Bourgogne\",\"url\":\"https:\/\/bestofbourgogne.com\/\",\"logo\":{\"@type\":\"ImageObject\",\"inLanguage\":\"fr-FR\",\"@id\":\"https:\/\/bestofbourgogne.com\/#\/schema\/logo\/image\/\",\"url\":\"https:\/\/mld4xvu4xgpn.i.optimole.com\/w:auto\/h:auto\/q:mauto\/f:best\/https:\/\/bestofbourgogne.com\/wp-content\/uploads\/2021\/05\/circle-cropped-1.png\",\"contentUrl\":\"https:\/\/mld4xvu4xgpn.i.optimole.com\/w:auto\/h:auto\/q:mauto\/f:best\/https:\/\/bestofbourgogne.com\/wp-content\/uploads\/2021\/05\/circle-cropped-1.png\",\"width\":680,\"height\":680,\"caption\":\"Best of Bourgogne\"},\"image\":{\"@id\":\"https:\/\/bestofbourgogne.com\/#\/schema\/logo\/image\/\"},\"sameAs\":[\"https:\/\/www.facebook.com\/BestBurgundy\",\"https:\/\/www.instagram.com\/best_of_bourgogne\/\"]}]}<\/script>\n<!-- \/ Yoast SEO plugin. -->","yoast_head_json":{"title":"Location - Best of Bourgogne","description":"Si vous choisissez de louer votre propri\u00e9t\u00e9, Best of Bourgogne s'occupera de tout et veillera \u00e0 ce que ce soit l'investissement que vous envisagez.","robots":{"index":"index","follow":"follow","max-snippet":"max-snippet:-1","max-image-preview":"max-image-preview:large","max-video-preview":"max-video-preview:-1"},"canonical":"https:\/\/bestofbourgogne.com\/fr\/elementor-1411\/","og_locale":"fr_FR","og_type":"article","og_title":"Location - Best of Bourgogne","og_description":"Should you choose to rent out your property, Best of Bourgogne will take care of everything and help make sure it is the investment you intend it to be.","og_url":"https:\/\/bestofbourgogne.com\/fr\/elementor-1411\/","og_site_name":"Best of Bourgogne","article_publisher":"https:\/\/www.facebook.com\/BestBurgundy","article_modified_time":"2024-03-25T15:07:24+00:00","og_image":[{"url":"https:\/\/mld4xvu4xgpn.i.optimole.com\/w:930\/h:620\/q:mauto\/rt:fill\/g:ce\/f:best\/https:\/\/bestofbourgogne.com\/wp-content\/uploads\/2021\/05\/DSC_0182.jpg","type":"","width":"","height":""}],"twitter_card":"summary_large_image","twitter_misc":{"Dur\u00e9e de lecture estim\u00e9e":"3 minutes"},"schema":{"@context":"https:\/\/schema.org","@graph":[{"@type":"WebPage","@id":"https:\/\/bestofbourgogne.com\/fr\/elementor-1411\/","url":"https:\/\/bestofbourgogne.com\/fr\/elementor-1411\/","name":"Location - Best of Bourgogne","isPartOf":{"@id":"https:\/\/bestofbourgogne.com\/#website"},"primaryImageOfPage":{"@id":"https:\/\/bestofbourgogne.com\/fr\/elementor-1411\/#primaryimage"},"image":{"@id":"https:\/\/bestofbourgogne.com\/fr\/elementor-1411\/#primaryimage"},"thumbnailUrl":"https:\/\/mld4xvu4xgpn.i.optimole.com\/w:930\/h:620\/q:mauto\/rt:fill\/g:ce\/f:best\/https:\/\/bestofbourgogne.com\/wp-content\/uploads\/2021\/05\/DSC_0182.jpg","datePublished":"2024-03-25T14:57:41+00:00","dateModified":"2024-03-25T15:07:24+00:00","description":"Si vous choisissez de louer votre propri\u00e9t\u00e9, Best of Bourgogne s'occupera de tout et veillera \u00e0 ce que ce soit l'investissement que vous envisagez.","breadcrumb":{"@id":"https:\/\/bestofbourgogne.com\/fr\/elementor-1411\/#breadcrumb"},"inLanguage":"fr-FR","potentialAction":[{"@type":"ReadAction","target":["https:\/\/bestofbourgogne.com\/fr\/elementor-1411\/"]}]},{"@type":"ImageObject","inLanguage":"fr-FR","@id":"https:\/\/bestofbourgogne.com\/fr\/elementor-1411\/#primaryimage","url":"https:\/\/mld4xvu4xgpn.i.optimole.com\/w:930\/h:620\/q:mauto\/rt:fill\/g:ce\/f:best\/https:\/\/bestofbourgogne.com\/wp-content\/uploads\/2021\/05\/DSC_0182.jpg","contentUrl":"https:\/\/mld4xvu4xgpn.i.optimole.com\/w:930\/h:620\/q:mauto\/rt:fill\/g:ce\/f:best\/https:\/\/bestofbourgogne.com\/wp-content\/uploads\/2021\/05\/DSC_0182.jpg"},{"@type":"BreadcrumbList","@id":"https:\/\/bestofbourgogne.com\/fr\/elementor-1411\/#breadcrumb","itemListElement":[{"@type":"ListItem","position":1,"name":"Home","item":"https:\/\/bestofbourgogne.com\/"},{"@type":"ListItem","position":2,"name":"Location"}]},{"@type":"WebSite","@id":"https:\/\/bestofbourgogne.com\/#website","url":"https:\/\/bestofbourgogne.com\/","name":"Best of Bourgogne","description":"Service de Conciergerie en Bourgogne","publisher":{"@id":"https:\/\/bestofbourgogne.com\/#organization"},"potentialAction":[{"@type":"SearchAction","target":{"@type":"EntryPoint","urlTemplate":"https:\/\/bestofbourgogne.com\/?s={search_term_string}"},"query-input":{"@type":"PropertyValueSpecification","valueRequired":true,"valueName":"search_term_string"}}],"inLanguage":"fr-FR"},{"@type":"Organization","@id":"https:\/\/bestofbourgogne.com\/#organization","name":"Best of Bourgogne","url":"https:\/\/bestofbourgogne.com\/","logo":{"@type":"ImageObject","inLanguage":"fr-FR","@id":"https:\/\/bestofbourgogne.com\/#\/schema\/logo\/image\/","url":"https:\/\/mld4xvu4xgpn.i.optimole.com\/w:auto\/h:auto\/q:mauto\/f:best\/https:\/\/bestofbourgogne.com\/wp-content\/uploads\/2021\/05\/circle-cropped-1.png","contentUrl":"https:\/\/mld4xvu4xgpn.i.optimole.com\/w:auto\/h:auto\/q:mauto\/f:best\/https:\/\/bestofbourgogne.com\/wp-content\/uploads\/2021\/05\/circle-cropped-1.png","width":680,"height":680,"caption":"Best of Bourgogne"},"image":{"@id":"https:\/\/bestofbourgogne.com\/#\/schema\/logo\/image\/"},"sameAs":["https:\/\/www.facebook.com\/BestBurgundy","https:\/\/www.instagram.com\/best_of_bourgogne\/"]}]}},"jetpack_sharing_enabled":true,"_links":{"self":[{"href":"https:\/\/bestofbourgogne.com\/fr\/wp-json\/wp\/v2\/pages\/1411","targetHints":{"allow":["GET"]}}],"collection":[{"href":"https:\/\/bestofbourgogne.com\/fr\/wp-json\/wp\/v2\/pages"}],"about":[{"href":"https:\/\/bestofbourgogne.com\/fr\/wp-json\/wp\/v2\/types\/page"}],"author":[{"embeddable":true,"href":"https:\/\/bestofbourgogne.com\/fr\/wp-json\/wp\/v2\/users\/1"}],"replies":[{"embeddable":true,"href":"https:\/\/bestofbourgogne.com\/fr\/wp-json\/wp\/v2\/comments?post=1411"}],"version-history":[{"count":7,"href":"https:\/\/bestofbourgogne.com\/fr\/wp-json\/wp\/v2\/pages\/1411\/revisions"}],"predecessor-version":[{"id":1419,"href":"https:\/\/bestofbourgogne.com\/fr\/wp-json\/wp\/v2\/pages\/1411\/revisions\/1419"}],"wp:attachment":[{"href":"https:\/\/bestofbourgogne.com\/fr\/wp-json\/wp\/v2\/media?parent=1411"}],"wp:term":[{"taxonomy":"folder","embeddable":true,"href":"https:\/\/bestofbourgogne.com\/fr\/wp-json\/wp\/v2\/folder?post=1411"}],"curies":[{"name":"wp","href":"https:\/\/api.w.org\/{rel}","templated":true}]}}